{"id":4512,"date":"2020-06-21T19:02:20","date_gmt":"2020-06-21T18:02:20","guid":{"rendered":"https:\/\/baisarea.eus\/participantes\/"},"modified":"2026-02-14T13:14:02","modified_gmt":"2026-02-14T11:14:02","slug":"participantes","status":"publish","type":"page","link":"https:\/\/baisarea.eus\/eu\/participantes\/","title":{"rendered":"Partaideak"},"content":{"rendered":"<p>[et_pb_section fb_built=&#8221;1&#8243; _builder_version=&#8221;4.0.6&#8243;][et_pb_row column_structure=&#8221;1_2,1_2&#8243; _builder_version=&#8221;4.0.6&#8243;][et_pb_column type=&#8221;1_2&#8243; _builder_version=&#8221;4.0.6&#8243;][et_pb_image src=&#8221;https:\/\/baisarea.eus\/wp-content\/uploads\/2020\/05\/LogoBAISAREA_sinlema.png&#8221; url=&#8221;https:\/\/baisarea.eus\/eu\/index\/&#8221; _builder_version=&#8221;4.0.6&#8243; width=&#8221;70%&#8221;][\/et_pb_image][\/et_pb_column][et_pb_column type=&#8221;1_2&#8243; _builder_version=&#8221;4.0.6&#8243;][et_pb_menu menu_id=&#8221;169&#8243; menu_style=&#8221;centered&#8221; active_link_color=&#8221;#8300e9&#8243; _builder_version=&#8221;4.0.6&#8243;][\/et_pb_menu][et_pb_text _builder_version=&#8221;4.0.6&#8243;]<\/p>\n<p style=\"text-align: center;\"><a href=\"https:\/\/baisarea.eus\/eu\/index\/\">Euskara<\/a> <span>| <a href=\"https:\/\/baisarea.eus\/index\/\">Espa\u00f1ol<\/a><\/span><\/p>\n<p>[\/et_pb_text][\/et_pb_column][\/et_pb_row][et_pb_row _builder_version=&#8221;4.0.6&#8243; custom_padding=&#8221;||0px|||&#8221;][et_pb_column type=&#8221;4_4&#8243; _builder_version=&#8221;4.0.6&#8243;][et_pb_image src=&#8221;https:\/\/baisarea.eus\/wp-content\/uploads\/2020\/07\/ERAKUNDE-PARTE-HARTZAILEAK..png&#8221; _builder_version=&#8221;4.0.6&#8243; custom_margin=&#8221;34px|||||&#8221;][\/et_pb_image][\/et_pb_column][\/et_pb_row][et_pb_row column_structure=&#8221;1_2,1_2&#8243; _builder_version=&#8221;4.0.6&#8243; custom_padding=&#8221;||0px|||&#8221;][et_pb_column type=&#8221;1_2&#8243; _builder_version=&#8221;4.0.6&#8243;][et_pb_text _builder_version=&#8221;4.0.6&#8243; custom_margin=&#8221;||26px|||&#8221;]<\/p>\n<p><span style=\"color: #000000;\"><a href=\"https:\/\/www.achucarro.org\/eu\/home\" target=\"_blank\" rel=\"noopener noreferrer\" title=\"ACHUCARRO BASQUE CENTER OF NEUROSCIENCE\"><span style=\"color: #000000;\">ACHUCARRO BASQUE CENTER OF NEUROSCIENCE<\/span><\/a><a href=\"https:\/\/www.achucarro.org\/eu\/home\" target=\"_blank\" rel=\"noopener noreferrer\" title=\"ACHUCARRO BASQUE CENTER FOR NEUROSCIENCE\" style=\"color: #000000; text-decoration: underline;\"><span><\/span><\/a><\/span><span style=\"text-decoration: underline;\"><span style=\"color: #000000; text-decoration: underline;\"><\/span><\/span><\/p>\n<p><span style=\"color: #000000;\"><a href=\"http:\/\/agintzari.com\/cas\/index.aspx\" style=\"color: #000000;\">AGINTZARI<\/a><\/span><\/p>\n<p><span style=\"color: #000000;\"><a href=\"https:\/\/www.apnabi.eus\/\" style=\"color: #000000;\">APNABI AUTISMO BIZKAIA<\/a><\/span><\/p>\n<p><span style=\"color: #000000;\"><a href=\"https:\/\/artez.eus\/\" style=\"color: #000000;\">ARTEZ EUSKARA ZERBITZUA KOOP. E.<\/a><\/span><\/p>\n<p><a href=\"https:\/\/www.asafes.org\/eu\/home\/\" target=\"_blank\" rel=\"noopener noreferrer\" title=\"ASAFES (BURU GAIXOTASUNA DUTEN PERTSONEN ETA SENIDEEN ARABAKO ELKARTEA)\"><span style=\"color: #000000;\">ASAFES (BURU GAIXOTASUNA DUTEN PERTSONEN ETA SENIDEEN ARABAKO ELKARTEA)<\/span><\/a><\/p>\n<p><a href=\"https:\/\/www.asasam.org\/eu\" target=\"_blank\" rel=\"noopener noreferrer\" title=\"ASASAM (BURU GAIXOTASUNA DUTEN PERTSONEN ETA SENIDEEN AIARAKO ELKARTEA)\"><span style=\"color: #000000;\">ASASAM (BURU GAIXOTASUNA DUTEN PERTSONEN ETA SENIDEEN AIARAKO ELKARTEA)<\/span><\/a><\/p>\n<p><a href=\"https:\/\/www.askora.com\/eu\/\" target=\"_blank\" rel=\"noopener noreferrer\" title=\"ASKORA PLUS\"><span style=\"color: #000000;\">ASKORA PLUS<\/span><\/a><\/p>\n<p><span style=\"color: #000000;\"><a href=\"https:\/\/margotu.org\/about-us\/\" style=\"color: #000000;\">ASOCIACI\u00d3N DE LUCHA CONTRA LA EXCLUSI\u00d3N SOCIAL: MARGOTU<\/a><\/span><\/p>\n<p><span style=\"color: #000000;\"><a href=\"http:\/\/www.erroaksartu.org\/\" style=\"color: #000000;\">ASOCIACI\u00d3N ERROAK SARTU<\/a><\/span><\/p>\n<p><span style=\"color: #000000;\"><a href=\"http:\/\/www.asociaciont4.org\/\" style=\"color: #000000;\">ASOCIACION T4 DE LUCHA CONTRA EL SIDA<\/a><\/span><\/p>\n<p><span style=\"color: #000000;\"><a href=\"https:\/\/zabaltzensartu.org\/es\/\" style=\"color: #000000;\">ASOCIACI\u00d3N ZABALTZEN SARTU<\/a><\/span><\/p>\n<p><span style=\"color: #000000;\"><a href=\"https:\/\/zubietxe.org\/\" style=\"color: #000000;\">ASOCIACI\u00d3N ZUBIETXE<\/a><\/span><\/p>\n<p><span style=\"color: #000000;\"><a href=\"http:\/\/aspacebizkaia.org\/?lang=eu\" style=\"color: #000000;\">ASPACE BIZKAIA<\/a><\/span><\/p>\n<p><span style=\"color: #000000;\"><a href=\"https:\/\/www.laguipuzcoana.eus\/es\/\" style=\"color: #000000;\">AUTOBUSES LA GUIPUZCOANA SL<\/a><\/span><\/p>\n<p><span style=\"color: #000000;\"><a href=\"https:\/\/www.autobuseslaunion.com\/\" style=\"color: #000000;\">AUTOBUSES LA UNION S.A<\/a><\/span><\/p>\n<p><span style=\"color: #000000;\"><a href=\"https:\/\/www.pesa.net\/pesa\/es\/inicio\" style=\"color: #000000;\">AVANZA MOVILIDAD GIPUZKOA<\/a><\/span><\/p>\n<p><span style=\"color: #000000;\"><a href=\"https:\/\/avifes.org\/eu\/\" style=\"color: #000000;\">AVIFES (SENIDEEN ETA GAIXOTASUN MENTALAREN BIZKAIKO ELKARTEA)<\/a><\/span><\/p>\n<p><span style=\"color: #000000;\"><a href=\"https:\/\/www.azparticipacion.com\/\" style=\"color: #000000;\">AZ PARTICIPACION<\/a><\/span><\/p>\n<p><span style=\"color: #000000;\"><a href=\"https:\/\/www.bbg.es\/es\/\" style=\"color: #000000;\">BAHIA DE BIZKAIA GAS<\/a><\/span><\/p>\n<p><span style=\"color: #000000;\"><a href=\"https:\/\/www.berria.eus\/berrialaguna\/berriataldea\" style=\"color: #000000;\">BERRIA TALDEA<\/a><\/span><\/p>\n<p><a href=\"https:\/\/www.bidasoa-activa.com\/eu\/\" target=\"_blank\" rel=\"noopener noreferrer\" title=\"BIDASOA ACTIVA\"><span style=\"color: #000000;\">BIDASOA ACTIVA<\/span><\/a><\/p>\n<p><span style=\"color: #000000;\"><a href=\"https:\/\/bidegintza.org\/es\/\" style=\"color: #000000;\">BIDEGINTZA GEK COOPERATIVA DE INICIATIVA SOCIAL<\/a><\/span><\/p>\n<p><span style=\"color: #000000;\"><a href=\"https:\/\/bidelan.eus\/es\/\" style=\"color: #000000;\">BIDELAN GIPUZKOAKO AUTOBIDEAK S.A<\/a><\/span><\/p>\n<p><span style=\"color: #000000;\"><a href=\"http:\/\/www.biharko.org\/\" style=\"color: #000000;\">BIHARKO GIPUZKOA S.L<\/a><\/span><\/p>\n<p><span style=\"color: #000000;\"><a href=\"https:\/\/www.bm30.eus\/\" style=\"color: #000000;\">BILBAO METROPOLI-30<\/a><\/span><\/p>\n<p><a href=\"https:\/\/www.bizitzen.org\/eu\/\" target=\"_blank\" rel=\"noopener noreferrer\" title=\"BIZITZEN FUNDAZIOA\"><span style=\"color: #000000;\">BIZITZEN FUNDAZIOA<\/span><\/a><\/p>\n<p><span style=\"color: #000000;\"><a href=\"https:\/\/bultz-lan.com\/\" style=\"color: #000000;\">BULTZ-LAN CONSULTING SL<\/a><\/span><\/p>\n<p><a href=\"https:\/\/www.caezurekin.biz\/eu\/hasiera\/\" target=\"_blank\" rel=\"noopener noreferrer\" title=\"CENTRO DE AYUDA ESPECIALIZADA\"><span style=\"color: #000000;\">CAE ZUREKIN<\/span><\/a><\/p>\n<p><span style=\"color: #000000;\"><a href=\"https:\/\/www.caritasbi.org\/cas\/\" style=\"color: #000000;\">C\u00c1RITAS DIOCESANA DE BILBAO<\/a><\/span><\/p>\n<p><span style=\"color: #000000;\"><a href=\"http:\/\/www.cde.es\/es\/consultoria\/\" style=\"color: #000000;\">CDE CONSULTOR\u00cdA<\/a><\/span><\/p>\n<p><span style=\"color: #000000;\"><a href=\"http:\/\/www.lagun-artean.org\/\" style=\"color: #000000;\">CENTRO DE ACOGIDA LAGUN ARTEAN<\/a><\/span><\/p>\n<p><span style=\"color: #000000;\"><a href=\"http:\/\/www.cruzroja.es\/centros_sanitarios\/San_Sebastian\/index.html\" style=\"color: #000000;\">CENTRO SOCIOSANITARIO CRUZ ROJA<\/a><\/span><\/p>\n<p><span style=\"color: #000000;\"><a href=\"https:\/\/www.dbus.eus\/\" style=\"color: #000000;\">COMPA\u00d1\u00cdA DEL TRANV\u00cdA DE SAN SEBASTI\u00c1N<\/a><\/span><\/p>\n<p><span style=\"color: #000000;\"><a href=\"http:\/\/www.mariezcurrena.com\/index.php\/es\/\" style=\"color: #000000;\">CONSTRUCCIONES MARIEZCURRENA<\/a><\/span><\/p>\n<p><span style=\"color: #000000;\"><a href=\"http:\/\/www.zubieder.com\/index.php\/eu\/\" style=\"color: #000000;\">CONSTRUCCIONES ZUBIEDER<\/a><\/span><\/p>\n<p><span style=\"color: #000000;\"><a href=\"http:\/\/www.cruzrojaalava.es\/\" style=\"color: #000000;\">CRUZ ROJA ALAVA<\/a><\/span><\/p>\n<p><span style=\"color: #000000;\"><a href=\"http:\/\/www.daiteke.eus\/\" style=\"color: #000000;\">DAITEKE<\/a><\/span><\/p>\n<p><span style=\"color: #000000;\"><a href=\"https:\/\/fundacionede.org\/\" style=\"color: #000000;\">EDE FUNDAZIOA<\/a><\/span><\/p>\n<p><span style=\"color: #000000;\"><a href=\"https:\/\/www.ejie.euskadi.eus\/inicio\/\" style=\"color: #000000;\">EJIE<\/a><\/span><\/p>\n<p><span style=\"color: #000000;\"><a href=\"https:\/\/www.elhuyar.eus\/es\" style=\"color: #000000;\">ELHUYAR AHOLKULARITZA (ELHUYAR ZUBIZE)<\/a><\/span><\/p>\n<p>[\/et_pb_text][\/et_pb_column][et_pb_column type=&#8221;1_2&#8243; _builder_version=&#8221;4.0.6&#8243;][et_pb_text _builder_version=&#8221;4.0.6&#8243; hover_enabled=&#8221;0&#8243;]<\/p>\n<p><span style=\"color: #000000;\"><a href=\"https:\/\/www.emun.eus\/\" style=\"color: #000000;\">EMUN KOOP.<\/a><\/span><\/p>\n<p><a href=\"https:\/\/euskalkirola.eus\/eu\/\" target=\"_blank\" rel=\"noopener noreferrer\" title=\"EUSKAL KIROL FEDERAZIOEN BATASUNA\"><span style=\"color: #000000;\">EUSKAL KIROL FEDERAZIOEN BATASUNA (EKFB)<\/span><\/a><\/p>\n<p><span style=\"color: #000000;\"><a href=\"https:\/\/www.euskotren.eus\/\" style=\"color: #000000;\">EUSKO TRENBIDEAK \u2013 FERROCARRILES VASCOS S.A.U.<\/a><\/span><\/p>\n<p><a href=\"https:\/\/fundacionfondo.eus\/eu\/\" target=\"_blank\" rel=\"noopener noreferrer\" title=\"FUNDACI\u00d3N FONDO FORMACI\u00d3N\"><span style=\"color: #000000;\">FUNDACI\u00d3N FONDO FORMACI\u00d3N<\/span><\/a><\/p>\n<p><span style=\"color: #000000;\"><a href=\"http:\/\/www.guggenheim-bilbao-corp.eus\/guggenheim-bilbao\/fundacion-guggenheim-bilbao\/\" style=\"color: #000000;\">FUNDACI\u00d3N DEL MUSEO GUGGENHEIM BILBAO<\/a><\/span><\/p>\n<p><span style=\"color: #000000;\"><a href=\"https:\/\/www.izan.org\/\" style=\"color: #000000;\">FUNDACI\u00d3N IZAN FUNDAZIOA<\/a><\/span><\/p>\n<p><span style=\"color: #000000;\"><a href=\"https:\/\/www.lantegibatuak.eus\/\" style=\"color: #000000;\">FUNDACION LANTEGI BATUAK<\/a><\/span><\/p>\n<p><a href=\"https:\/\/www.gautena.org\/eu\/\" target=\"_blank\" rel=\"noopener noreferrer\" title=\"GAUTENA\"><span style=\"color: #000000;\">GAUTENA<\/span><\/a><\/p>\n<p><span style=\"color: #000000;\"><a href=\"http:\/\/www.sartu.org\/es\/asociacion-gaztaroa-sartu-bilbao\/\" style=\"color: #000000;\">GAZTAROA SARTU KOOP<\/a><\/span><\/p>\n<p><span style=\"color: #000000;\"><a href=\"https:\/\/goiztiri.org\/\" style=\"color: #000000;\">GOIZTIRI<\/a><\/span><\/p>\n<p><a href=\"https:\/\/grupossi.es\/eu\/\" target=\"_blank\" rel=\"noopener noreferrer\" title=\"GRUPO SSI\"><span style=\"color: #000000;\">GRUPO SSI<\/span><\/a><\/p>\n<p><a href=\"https:\/\/www.grupourgatzi.eus\/\" target=\"_blank\" rel=\"noopener noreferrer\" title=\"GRUPO URGATZI\"><span color=\"#000000\" style=\"color: #000000;\">GRUPO URGATZI<\/span><\/a><\/p>\n<p><span style=\"color: #000000;\"><a href=\"https:\/\/www.nuevofuturo.org\/\" style=\"color: #000000;\">HOGARES NUEVO FUTURO GIPUZKOA (FUNDACI\u00d3N NUEVO FUTURO)<\/a><\/span><\/p>\n<p><span style=\"color: #000000;\"><a href=\"https:\/\/www.ihobe.eus\/inicio\" style=\"color: #000000;\">IHOBE, S.A.<\/a><\/span><\/p>\n<p><a href=\"https:\/\/www.ikaslanbizkaia.eus\/eu\/\" target=\"_blank\" rel=\"noopener noreferrer\" title=\"IKASLAN BIZKAIA\"><span style=\"color: #000000;\">IKASLAN BIZKAIA<\/span><\/a><\/p>\n<p><a href=\"https:\/\/www.ingartek.com\/eu\/\" target=\"_blank\" rel=\"noopener noreferrer\" title=\"INGARTEK CONSULTING S.L.\"><span style=\"color: #000000;\">INGARTEK CONSULTING S.L.<\/span><\/a><\/p>\n<p><a href=\"https:\/\/www.hutchinson.com\/es\" target=\"_blank\" rel=\"noopener noreferrer\" title=\"INDUSTRIAS T\u00c9CNICAS DE LA ESPUMA SL\"><span style=\"color: #000000;\">INDUSTRIAS T\u00c9CNICAS DE LA ESPUMA SL<\/span><\/a><\/p>\n<p><span style=\"color: #000000;\"><a href=\"https:\/\/www.ipacesl.es\/\" style=\"color: #000000;\">IPACE PSICOLOGIA APLICADA SL<\/a><\/span><\/p>\n<p><a href=\"https:\/\/www.irsearaba.org\/\" target=\"_blank\" rel=\"noopener noreferrer\" title=\"IRSE ARABA S. COOP.\"><span style=\"color: #000000;\">IRSEARABA S. COOP.<\/span><\/a><\/p>\n<p><span style=\"color: #000000;\"><a href=\"http:\/\/www.itelazpi.eus\/eu\/\" style=\"color: #000000;\">ITELAZPI, S.A.<\/a><\/span><\/p>\n<p><a href=\"https:\/\/www.izangai.org\/eu\/\" target=\"_blank\" rel=\"noopener noreferrer\" title=\"IZANGAI ELKARTEA\"><span style=\"color: #000000;\">IZANGAI ELKARTEA<\/span><\/a><\/p>\n<p><span style=\"color: #000000;\"><a href=\"https:\/\/www.izenpe.eus\/s15-home\/es\/\" style=\"color: #000000;\">IZENPE, S.A.<\/a><\/span><\/p>\n<p><span style=\"color: #000000;\"><a href=\"https:\/\/juritecnia.net\/\" style=\"color: #000000;\">JURITECNIA<\/a><\/span><\/p>\n<p><span style=\"color: #000000;\"><a href=\"https:\/\/www.kirolm.com\/\" style=\"color: #000000;\">KIROL MANAGEMENT SLU<\/a><\/span><\/p>\n<p><span style=\"color: #000000;\"><a href=\"https:\/\/www.laboralkutxa.com\/es\/particulares\" style=\"color: #000000;\">LABORAL KUTXA<\/a><\/span><\/p>\n<p><a href=\"https:\/\/www.lagunaro.es\/ataria2\/menu_principal#&amp;panel1-1\" target=\"_blank\" rel=\"noopener noreferrer\" title=\"LAGUN ARO\"><span style=\"color: #000000;\">LAGUN ARO<\/span><\/a><\/p>\n<p><span style=\"color: #000000;\"><a href=\"https:\/\/www.metrobilbao.eus\/?language=1\" style=\"color: #000000;\">METRO BILBAO<\/a><\/span><\/p>\n<p><span style=\"color: #000000;\"><a href=\"https:\/\/www.mondragon.edu\/es\/facultad-empresariales\/quienes-somos\" style=\"color: #000000;\">MU ENPRESAGINTZA, KOOP. E.<\/a><\/span><\/p>\n<p><span style=\"color: #000000;\"><a href=\"https:\/\/www.murgibe.com\/\" style=\"color: #000000;\">MURGIBE<\/a><\/span><\/p>\n<p><span style=\"color: #000000;\"><a href=\"https:\/\/www.orona.es\/es-es\" style=\"color: #000000;\">ORONA S.COOP<\/a><\/span><\/p>\n<p><span style=\"color: #000000;\"><a href=\"http:\/\/ortzadar.es\/es\/\" style=\"color: #000000;\">ORTZADAR S.L.<\/a><\/span><\/p>\n<p><span style=\"color: #000000;\"><a href=\"http:\/\/www.prospektiker.es\/\" style=\"color: #000000;\">PROSPEKTIKER<\/a><\/span><\/p>\n<p><span style=\"color: #000000;\"><a href=\"https:\/\/alava.sartu.net\/\" style=\"color: #000000;\">SARTU ALAVA, ASOCIACI\u00d3N DE REINSERCI\u00d3N SOCIAL<\/a><\/span><\/p>\n<p><span style=\"color: #000000;\"><a href=\"http:\/\/www.serbitzu.com\/\" target=\"_blank\" rel=\"noopener noreferrer\" title=\"SERBITZU ELKARTEA\" style=\"color: #000000;\">SERBITZU ELKARTEA<\/a><\/span><\/p>\n<p><a href=\"https:\/\/serikat.es\/eu\/azterketaelkarlana\/\" target=\"_blank\" rel=\"noopener noreferrer\" title=\"SERIKAT CONSULTOR\u00cdA E INFORM\u00c1TICA\"><span style=\"color: #000000;\">SERIKAT CONSULTOR\u00cdA E INFORM\u00c1TICA, S.A.<\/span><\/a><\/p>\n<p><span style=\"color: #000000;\"><a href=\"https:\/\/euskadi.satse.es\/\" style=\"color: #000000;\">SINDICATO DE ENFERMERIA SATSE<\/a><\/span><\/p>\n<p><span style=\"color: #000000;\"><a href=\"http:\/\/www.suspergintza.net\/\" style=\"color: #000000;\">SUSPERGINTZA ELKARTEA<\/a><\/span><\/p>\n<p><span style=\"color: #000000;\"><a href=\"https:\/\/www.ulmapackaging.eus\/\" target=\"_blank\" rel=\"noopener noreferrer\" title=\"ULMA PACKAGING\" style=\"color: #000000;\">ULMA PACKAGING<\/a> <\/span><\/p>\n<p><span style=\"color: #000000;\"><a href=\"https:\/\/www.uragentzia.euskadi.eus\/u81-0002\/es\/\" style=\"color: #000000;\">URAREN EUSKAL AGENTZIA<\/a><\/span><\/p>\n<p><span style=\"color: #000000;\"><a href=\"http:\/\/usoa.es\/\" style=\"color: #000000;\">USOA LANTEGIA, SAU<\/a><\/span><\/p>\n<p><span style=\"color: #000000;\"><a href=\"https:\/\/www.virtualwareco.com\/es\/\" style=\"color: #000000;\">VIRTUALWARE<\/a><\/span><\/p>\n<p><span style=\"color: #000000;\"><a href=\"http:\/\/www.grupozubizarreta.com\/\" style=\"color: #000000;\">ZUBIZARRETA CONSULTING, S.L.<\/a><\/span><\/p>\n<p><a href=\"https:\/\/www.zurekinbus.biz\/eu\/hasiera\/\" target=\"_blank\" rel=\"noopener noreferrer\" title=\"ZUREKIN BUS S.L.\"><span style=\"color: #000000;\">ZUREKIN BUS S.L.<\/span><\/a><\/p>\n<p>[\/et_pb_text][\/et_pb_column][\/et_pb_row][et_pb_row _builder_version=&#8221;4.0.6&#8243; custom_margin=&#8221;59px|auto||auto||&#8221;][et_pb_column type=&#8221;4_4&#8243; _builder_version=&#8221;4.0.6&#8243;][et_pb_image src=&#8221;https:\/\/baisarea.eus\/wp-content\/uploads\/2020\/07\/BAI-SAREAN-PARTE-HARTU.png&#8221; _builder_version=&#8221;4.0.6&#8243; custom_margin=&#8221;-36px|||||&#8221;][\/et_pb_image][\/et_pb_column][\/et_pb_row][et_pb_row _builder_version=&#8221;4.0.6&#8243;][et_pb_column type=&#8221;4_4&#8243; _builder_version=&#8221;4.0.6&#8243;][et_pb_text _builder_version=&#8221;4.0.6&#8243;]<\/p>\n<p style=\"text-align: center;\"><em>Gure proiektuak Emakunderen bultzada, partaidetza eta laguntza ekonomikoa du.<\/em><\/p>\n<p>[\/et_pb_text][et_pb_image src=&#8221;https:\/\/baisarea.eus\/wp-content\/uploads\/2020\/05\/LOGO-EMAKUNDE.jpg&#8221; url=&#8221;https:\/\/www.emakunde.euskadi.eus\/u72-home\/es\/&#8221; url_new_window=&#8221;on&#8221; align=&#8221;center&#8221; _builder_version=&#8221;4.0.6&#8243; width=&#8221;25%&#8221;][\/et_pb_image][\/et_pb_column][\/et_pb_row][\/et_pb_section]<\/p>\n","protected":false},"excerpt":{"rendered":"<p>[et_pb_section fb_built=&#8221;1&#8243; _builder_version=&#8221;4.0.6&#8243;][et_pb_row column_structure=&#8221;1_2,1_2&#8243; _builder_version=&#8221;4.0.6&#8243;][et_pb_column type=&#8221;1_2&#8243; _builder_version=&#8221;4.0.6&#8243;][et_pb_image src=&#8221;https:\/\/baisarea.eus\/wp-content\/uploads\/2020\/05\/LogoBAISAREA_sinlema.png&#8221; url=&#8221;https:\/\/baisarea.eus\/eu\/index\/&#8221; _builder_version=&#8221;4.0.6&#8243; width=&#8221;70%&#8221;][\/et_pb_image][\/et_pb_column][et_pb_column type=&#8221;1_2&#8243; _builder_version=&#8221;4.0.6&#8243;][et_pb_menu menu_id=&#8221;169&#8243; menu_style=&#8221;centered&#8221; active_link_color=&#8221;#8300e9&#8243; _builder_version=&#8221;4.0.6&#8243;][\/et_pb_menu][et_pb_text _builder_version=&#8221;4.0.6&#8243;] Euskara | Espa\u00f1ol [\/et_pb_text][\/et_pb_column][\/et_pb_row][et_pb_row _builder_version=&#8221;4.0.6&#8243; custom_padding=&#8221;||0px|||&#8221;][et_pb_column type=&#8221;4_4&#8243; _builder_version=&#8221;4.0.6&#8243;][et_pb_image src=&#8221;https:\/\/baisarea.eus\/wp-content\/uploads\/2020\/07\/ERAKUNDE-PARTE-HARTZAILEAK..png&#8221; _builder_version=&#8221;4.0.6&#8243; custom_margin=&#8221;34px|||||&#8221;][\/et_pb_image][\/et_pb_column][\/et_pb_row][et_pb_row column_structure=&#8221;1_2,1_2&#8243; _builder_version=&#8221;4.0.6&#8243; custom_padding=&#8221;||0px|||&#8221;][et_pb_column type=&#8221;1_2&#8243; _builder_version=&#8221;4.0.6&#8243;][et_pb_text _builder_version=&#8221;4.0.6&#8243; custom_margin=&#8221;||26px|||&#8221;] ACHUCARRO BASQUE CENTER OF NEUROSCIENCE AGINTZARI APNABI AUTISMO BIZKAIA ARTEZ EUSKARA ZERBITZUA KOOP. E. ASAFES (BURU GAIXOTASUNA DUTEN PERTSONEN [&hellip;]<\/p>\n","protected":false},"author":187,"featured_media":0,"parent":0,"menu_order":0,"comment_status":"closed","ping_status":"closed","template":"page-template-blank.php","meta":{"_bbp_topic_count":0,"_bbp_reply_count":0,"_bbp_total_topic_count":0,"_bbp_total_reply_count":0,"_bbp_voice_count":0,"_bbp_anonymous_reply_count":0,"_bbp_topic_count_hidden":0,"_bbp_reply_count_hidden":0,"_bbp_forum_subforum_count":0,"_et_pb_use_builder":"on","_et_pb_old_content":"","footnotes":""},"class_list":["post-4512","page","type-page","status-publish","hentry"],"_links":{"self":[{"href":"https:\/\/baisarea.eus\/eu\/wp-json\/wp\/v2\/pages\/4512","targetHints":{"allow":["GET"]}}],"collection":[{"href":"https:\/\/baisarea.eus\/eu\/wp-json\/wp\/v2\/pages"}],"about":[{"href":"https:\/\/baisarea.eus\/eu\/wp-json\/wp\/v2\/types\/page"}],"author":[{"embeddable":true,"href":"https:\/\/baisarea.eus\/eu\/wp-json\/wp\/v2\/users\/187"}],"replies":[{"embeddable":true,"href":"https:\/\/baisarea.eus\/eu\/wp-json\/wp\/v2\/comments?post=4512"}],"version-history":[{"count":35,"href":"https:\/\/baisarea.eus\/eu\/wp-json\/wp\/v2\/pages\/4512\/revisions"}],"predecessor-version":[{"id":11389,"href":"https:\/\/baisarea.eus\/eu\/wp-json\/wp\/v2\/pages\/4512\/revisions\/11389"}],"wp:attachment":[{"href":"https:\/\/baisarea.eus\/eu\/wp-json\/wp\/v2\/media?parent=4512"}],"curies":[{"name":"wp","href":"https:\/\/api.w.org\/{rel}","templated":true}]}}